{"id":7610,"date":"2025-11-01T01:00:00","date_gmt":"2025-10-31T16:00:00","guid":{"rendered":"https:\/\/jibuzaka.co.jp\/?page_id=7610"},"modified":"2025-10-27T12:24:49","modified_gmt":"2025-10-27T03:24:49","slug":"%e6%97%a9%e5%89%b2%e3%82%8a%e3%82%b7%e3%83%bc%e3%82%ba%e3%83%b3%e5%88%b82025-26%e7%94%b3%e8%be%bc","status":"publish","type":"page","link":"http:\/\/jibuzaka.co.jp\/?page_id=7610","title":{"rendered":"\u65e9\u5272\u308a\u30b7\u30fc\u30ba\u30f3\u52382025-26\u7533\u8fbc"},"content":{"rendered":"<style id=\"wpforms-css-vars-7607-block-0971868a-600b-4ac2-8b40-ba2fc2b3af36\">\n\t\t\t\t#wpforms-7607.wpforms-block-0971868a-600b-4ac2-8b40-ba2fc2b3af36 {\n\t\t\t\t--wpforms-field-size-input-height: 43px;\n--wpforms-field-size-input-spacing: 15px;\n--wpforms-field-size-font-size: 16px;\n--wpforms-field-size-line-height: 19px;\n--wpforms-field-size-padding-h: 14px;\n--wpforms-field-size-checkbox-size: 16px;\n--wpforms-field-size-sublabel-spacing: 5px;\n--wpforms-field-size-icon-size: 1;\n--wpforms-label-size-font-size: 16px;\n--wpforms-label-size-line-height: 19px;\n--wpforms-label-size-sublabel-font-size: 14px;\n--wpforms-label-size-sublabel-line-height: 17px;\n--wpforms-button-size-font-size: 17px;\n--wpforms-button-size-height: 41px;\n--wpforms-button-size-padding-h: 15px;\n--wpforms-button-size-margin-top: 10px;\n--wpforms-container-shadow-size-box-shadow: none;\n\t\t\t}\n\t\t\t<\/style><div class=\"wpforms-container wpforms-container-full wpforms-block wpforms-block-0971868a-600b-4ac2-8b40-ba2fc2b3af36 wpforms-render-modern\" id=\"wpforms-7607\"><form id=\"wpforms-form-7607\" class=\"wpforms-validate wpforms-form\" data-formid=\"7607\" method=\"post\" enctype=\"multipart\/form-data\" action=\"\/index.php?rest_route=%2Fwp%2Fv2%2Fpages%2F7610\" data-token=\"b3c826f18a7ebc629e00aca5f826bf5d\" data-token-time=\"1777729185\"><noscript class=\"wpforms-error-noscript\">\u3053\u306e\u30d5\u30a9\u30fc\u30e0\u306b\u5165\u529b\u3059\u308b\u306b\u306f\u3001\u30d6\u30e9\u30a6\u30b6\u30fc\u3067 JavaScript \u3092\u6709\u52b9\u306b\u3057\u3066\u304f\u3060\u3055\u3044\u3002<\/noscript><div id=\"wpforms-error-noscript\" style=\"display: none;\">\u3053\u306e\u30d5\u30a9\u30fc\u30e0\u306b\u5165\u529b\u3059\u308b\u306b\u306f\u3001\u30d6\u30e9\u30a6\u30b6\u30fc\u3067 JavaScript \u3092\u6709\u52b9\u306b\u3057\u3066\u304f\u3060\u3055\u3044\u3002<\/div><div class=\"wpforms-field-container\"><div id=\"wpforms-7607-field_1-container\" class=\"wpforms-field wpforms-field-text\" data-field-id=\"1\"><label class=\"wpforms-field-label\" for=\"wpforms-7607-field_1\">\u304a\u540d\u524d\u3000\uff08\u30ab\u30bf\u30ab\u30ca\uff09\u5fc5\u9808 <span class=\"wpforms-required-label\" aria-hidden=\"true\">*<\/span><\/label><input type=\"text\" id=\"wpforms-7607-field_1\" class=\"wpforms-field-medium wpforms-field-required\" name=\"wpforms[fields][1]\" placeholder=\"\u4f8b\uff1a\u30e4\u30de\u30c0\u3000\u30bf\u30ed\u30a6\" aria-errormessage=\"wpforms-7607-field_1-error\" required><\/div><div id=\"wpforms-7607-field_2-container\" class=\"wpforms-field wpforms-field-text\" data-field-id=\"2\"><label class=\"wpforms-field-label\" for=\"wpforms-7607-field_2\">\u5fc5\u9808\u3000\u304a\u540d\u524d <span class=\"wpforms-required-label\" aria-hidden=\"true\">*<\/span><\/label><input type=\"text\" id=\"wpforms-7607-field_2\" class=\"wpforms-field-medium wpforms-field-required\" name=\"wpforms[fields][2]\" placeholder=\"\u4f8b\uff1a\u5c71\u7530\u592a\u90ce\" aria-errormessage=\"wpforms-7607-field_2-error\" required><\/div><div id=\"wpforms-7607-field_3-container\" class=\"wpforms-field wpforms-field-text\" data-field-id=\"3\"><label class=\"wpforms-field-label\" for=\"wpforms-7607-field_3\">\u5fc5\u9808\u3000\u751f\u5e74\u6708\u65e5 <span class=\"wpforms-required-label\" aria-hidden=\"true\">*<\/span><\/label><input type=\"text\" id=\"wpforms-7607-field_3\" class=\"wpforms-field-medium wpforms-field-required\" name=\"wpforms[fields][3]\" placeholder=\"\u4f8b\uff1a1984\u5e742\u670823\u65e5\" aria-errormessage=\"wpforms-7607-field_3-error\" required><\/div><div id=\"wpforms-7607-field_4-container\" class=\"wpforms-field wpforms-field-number\" data-field-id=\"4\"><label class=\"wpforms-field-label\" for=\"wpforms-7607-field_4\">\u5fc5\u9808\u3000\u5e74\u9f62 <span class=\"wpforms-required-label\" aria-hidden=\"true\">*<\/span><\/label><input type=\"number\" id=\"wpforms-7607-field_4\" class=\"wpforms-field-medium wpforms-field-required\" name=\"wpforms[fields][4]\" placeholder=\"\u4f8b\uff1a38\" step=\"any\" aria-errormessage=\"wpforms-7607-field_4-error\" required><\/div><div id=\"wpforms-7607-field_5-container\" class=\"wpforms-field wpforms-field-email\" data-field-id=\"5\"><label class=\"wpforms-field-label\" for=\"wpforms-7607-field_5\">\u5fc5\u9808\u3000\u30e1\u30fc\u30eb\u30a2\u30c9\u30ec\u30b9 <span class=\"wpforms-required-label\" aria-hidden=\"true\">*<\/span><\/label><input type=\"email\" id=\"wpforms-7607-field_5\" class=\"wpforms-field-medium wpforms-field-required\" name=\"wpforms[fields][5]\" placeholder=\"\u4f8b\uff1a\u00d7\u00d7\u00d7@\u00d7\u00d7\u00d7.com\" spellcheck=\"false\" aria-errormessage=\"wpforms-7607-field_5-error\" required><\/div>\t\t<div id=\"wpforms-7607-field_11-container\"\n\t\t\tclass=\"wpforms-field wpforms-field-text\"\n\t\t\tdata-field-type=\"text\"\n\t\t\tdata-field-id=\"11\"\n\t\t\t>\n\t\t\t<label class=\"wpforms-field-label\" for=\"wpforms-7607-field_11\" >\u5fc5\u9808\u3000\u4f4f\u6240\u770c\u540d \u5fc5\u9808\u3000\u4f4f\u6240\u3000\u5e02\u753a\u6751\u4f4f\u6240\u756a\u5730 \u5fc5\u9808\u3000\u304a\u540d\u524d<\/label>\n\t\t\t<input type=\"text\" id=\"wpforms-7607-field_11\" class=\"wpforms-field-medium\" name=\"wpforms[fields][11]\" >\n\t\t<\/div>\n\t\t<div id=\"wpforms-7607-field_6-container\" class=\"wpforms-field wpforms-field-text\" data-field-id=\"6\"><label class=\"wpforms-field-label\" for=\"wpforms-7607-field_6\">\u5fc5\u9808\u3000\u90f5\u4fbf\u756a\u53f7 <span class=\"wpforms-required-label\" aria-hidden=\"true\">*<\/span><\/label><input type=\"text\" id=\"wpforms-7607-field_6\" class=\"wpforms-field-medium wpforms-field-required\" name=\"wpforms[fields][6]\" placeholder=\"\u4f8b\uff1a840-0015\" aria-errormessage=\"wpforms-7607-field_6-error\" required><\/div><div id=\"wpforms-7607-field_7-container\" class=\"wpforms-field wpforms-field-text\" data-field-id=\"7\"><label class=\"wpforms-field-label\" for=\"wpforms-7607-field_7\">\u5fc5\u9808\u3000\u4f4f\u6240\u770c\u540d <span class=\"wpforms-required-label\" aria-hidden=\"true\">*<\/span><\/label><input type=\"text\" id=\"wpforms-7607-field_7\" class=\"wpforms-field-medium wpforms-field-required\" name=\"wpforms[fields][7]\" placeholder=\"\u4f8b\uff1a\u611b\u77e5\u770c\" aria-errormessage=\"wpforms-7607-field_7-error\" required><\/div><div id=\"wpforms-7607-field_8-container\" class=\"wpforms-field wpforms-field-text\" data-field-id=\"8\"><label class=\"wpforms-field-label\" for=\"wpforms-7607-field_8\">\u5fc5\u9808\u3000\u4f4f\u6240\u3000\u5e02\u753a\u6751\u4f4f\u6240\u756a\u5730 <span class=\"wpforms-required-label\" aria-hidden=\"true\">*<\/span><\/label><input type=\"text\" id=\"wpforms-7607-field_8\" class=\"wpforms-field-medium wpforms-field-required\" name=\"wpforms[fields][8]\" placeholder=\"\u4f8b\uff1a\u540d\u53e4\u5c4b\u5e02\u71b1\u7530\u533a*****\" aria-errormessage=\"wpforms-7607-field_8-error\" required><\/div><div id=\"wpforms-7607-field_9-container\" class=\"wpforms-field wpforms-field-phone\" data-field-id=\"9\"><label class=\"wpforms-field-label\" for=\"wpforms-7607-field_9\">\u5fc5\u9808\u3000\u304a\u96fb\u8a71\u756a\u53f7 <span class=\"wpforms-required-label\" aria-hidden=\"true\">*<\/span><\/label><input type=\"tel\" id=\"wpforms-7607-field_9\" class=\"wpforms-field-medium wpforms-field-required\" data-rule-int-phone-field=\"true\" name=\"wpforms[fields][9]\" placeholder=\"\u4f8b\uff1a090*****40\" aria-label=\"\u5fc5\u9808\u3000\u304a\u96fb\u8a71\u756a\u53f7\" aria-errormessage=\"wpforms-7607-field_9-error\" aria-describedby=\"wpforms-7607-field_9-description\" required><div id=\"wpforms-7607-field_9-description\" class=\"wpforms-field-description\">\u9023\u7d61\u306e\u53d6\u308c\u308b\u96fb\u8a71\u756a\u53f7<\/div><\/div><div id=\"wpforms-7607-field_10-container\" class=\"wpforms-field wpforms-field-checkbox\" data-field-id=\"10\"><fieldset><legend class=\"wpforms-field-label\">\u78ba\u8a8d\u753b\u9762\u306f\u8868\u793a\u3055\u308c\u307e\u305b\u3093\u3002\u4e0a\u8a18\u5185\u5bb9\u306b\u3066\u9001\u4fe1\u3057\u307e\u3059\u304c\u3088\u308d\u3057\u3044\u3067\u3059\u304b\uff1f\uff08\u5fc5\u9808\uff09 <span class=\"wpforms-required-label\" aria-hidden=\"true\">*<\/span><\/legend><ul id=\"wpforms-7607-field_10\" class=\"wpforms-field-required\"><li class=\"choice-0 depth-1 wpforms-selected\"><input type=\"checkbox\" id=\"wpforms-7607-field_10_0\" name=\"wpforms[fields][10][]\" value=\"\u306f\u3044\" aria-errormessage=\"wpforms-7607-field_10_0-error\" required  checked='checked'><label class=\"wpforms-field-label-inline\" for=\"wpforms-7607-field_10_0\">\u306f\u3044<\/label><\/li><\/ul><\/fieldset><\/div><script>\n\t\t\t\t( function() {\n\t\t\t\t\tconst style = document.createElement( 'style' );\n\t\t\t\t\tstyle.appendChild( document.createTextNode( '#wpforms-7607-field_11-container { position: absolute !important; overflow: hidden !important; display: inline !important; height: 1px !important; width: 1px !important; z-index: -1000 !important; padding: 0 !important; } #wpforms-7607-field_11-container input { visibility: hidden; } #wpforms-conversational-form-page #wpforms-7607-field_11-container label { counter-increment: none; }' ) );\n\t\t\t\t\tdocument.head.appendChild( style );\n\t\t\t\t\tdocument.currentScript?.remove();\n\t\t\t\t} )();\n\t\t\t<\/script><\/div><!-- .wpforms-field-container --><div class=\"wpforms-submit-container\" ><input type=\"hidden\" name=\"wpforms[id]\" value=\"7607\"><input type=\"hidden\" name=\"page_title\" value=\"\"><input type=\"hidden\" name=\"page_url\" value=\"http:\/\/jibuzaka.co.jp\/index.php?rest_route=\/wp\/v2\/pages\/7610\"><input type=\"hidden\" name=\"url_referer\" value=\"\"><button type=\"submit\" name=\"wpforms[submit]\" id=\"wpforms-submit-7607\" class=\"wpforms-submit\" data-alt-text=\"\u9001\u4fe1\u4e2d\" data-submit-text=\"\u9001\u4fe1\" aria-live=\"assertive\" value=\"wpforms-submit\">\u9001\u4fe1<\/button><\/div><\/form><\/div>  <!-- .wpforms-container -->","protected":false},"excerpt":{"rendered":"","protected":false},"author":1,"featured_media":0,"parent":0,"menu_order":0,"comment_status":"closed","ping_status":"closed","template":"","meta":{"_acf_changed":false,"footnotes":""},"class_list":["post-7610","page","type-page","status-publish"],"acf":[],"_links":{"self":[{"href":"http:\/\/jibuzaka.co.jp\/index.php?rest_route=\/wp\/v2\/pages\/7610","targetHints":{"allow":["GET"]}}],"collection":[{"href":"http:\/\/jibuzaka.co.jp\/index.php?rest_route=\/wp\/v2\/pages"}],"about":[{"href":"http:\/\/jibuzaka.co.jp\/index.php?rest_route=\/wp\/v2\/types\/page"}],"author":[{"embeddable":true,"href":"http:\/\/jibuzaka.co.jp\/index.php?rest_route=\/wp\/v2\/users\/1"}],"replies":[{"embeddable":true,"href":"http:\/\/jibuzaka.co.jp\/index.php?rest_route=%2Fwp%2Fv2%2Fcomments&post=7610"}],"version-history":[{"count":2,"href":"http:\/\/jibuzaka.co.jp\/index.php?rest_route=\/wp\/v2\/pages\/7610\/revisions"}],"predecessor-version":[{"id":7613,"href":"http:\/\/jibuzaka.co.jp\/index.php?rest_route=\/wp\/v2\/pages\/7610\/revisions\/7613"}],"wp:attachment":[{"href":"http:\/\/jibuzaka.co.jp\/index.php?rest_route=%2Fwp%2Fv2%2Fmedia&parent=7610"}],"curies":[{"name":"wp","href":"https:\/\/api.w.org\/{rel}","templated":true}]}}